{"id":20208,"date":"2022-02-25T23:47:14","date_gmt":"2022-02-25T16:47:14","guid":{"rendered":"https:\/\/saigonweed.com\/?post_type=product&#038;p=20208"},"modified":"2026-02-02T04:58:18","modified_gmt":"2026-02-01T21:58:18","slug":"sirius-black","status":"publish","type":"product","link":"https:\/\/saigonweed.com\/fr\/sirius-black\/","title":{"rendered":"Sirius Black"},"content":{"rendered":"<p><strong>Sirius Black \u2013 Marijuana Vietgrow de Saigon Weed<\/strong><\/p>\n<p>Bien qu&#039;elle partage son nom avec un myst\u00e9rieux personnage de Harry Potter, la vari\u00e9t\u00e9 Sirius Black serait nomm\u00e9e pour sa coloration violet fonc\u00e9 profond. Une entreprise en pleine croissance se faisant appeler Oregon Breeders Group a assum\u00e9 la responsabilit\u00e9 de cette vari\u00e9t\u00e9, affirmant qu&#039;elle a \u00e9t\u00e9 con\u00e7ue \u00e0 l&#039;origine \u00e0 Portland dans les ann\u00e9es 1980 sous les auspices du soi-disant Sirius Black Project ; L&#039;Oregon Breeders Group n&#039;a cependant pas r\u00e9v\u00e9l\u00e9 la g\u00e9n\u00e9tique de Sirius Black. Quelle que soit la v\u00e9rit\u00e9 sur ses origines, cette vari\u00e9t\u00e9 parfum\u00e9e a un s\u00e9rieux attrait pour le sac et un effet corporel durable en plus. Sa teneur en THC a \u00e9t\u00e9 mesur\u00e9e entre 15% et 25%.<\/p>\n<h3>V\u00e9ritable vid\u00e9o de marijuana Sirius Black Vietgrow de Saigon Weed<\/h3>\n<p><iframe loading=\"lazy\" title=\"Sirius Black - Vietgrow Marijuana - Saigon Weed\" src=\"https:\/\/player.vimeo.com\/video\/681918221?h=6c95619a42&amp;dnt=1&amp;app_id=122963\" width=\"563\" height=\"1000\" frameborder=\"0\" allow=\"autoplay; fullscreen; picture-in-picture\" allowfullscreen><\/iframe><\/p>","protected":false},"excerpt":{"rendered":"<p><b>Sirius Black<\/b>\u00a0par l&#039;Oregon Breeders Group est une vari\u00e9t\u00e9 indica violet fonc\u00e9 avec un riche profil terp\u00e9nique. Pr\u00e9sentant une saveur et un ar\u00f4me prononc\u00e9s de raisins sucr\u00e9s, le palais de Sirius Black est acidul\u00e9 mais doux \u00e0 l&#039;expiration. Attendez-vous \u00e0 une euphorie agr\u00e9able et inspirante associ\u00e9e \u00e0 une cr\u00e9ativit\u00e9 enivrante. Cette vari\u00e9t\u00e9 est excellente dans les contextes sociaux et peut \u00eatre utilis\u00e9e tout au long de la journ\u00e9e malgr\u00e9 sa dominance indica.<\/p>","protected":false},"featured_media":20212,"comment_status":"open","ping_status":"closed","template":"","meta":[],"product_cat":[452,518],"product_tag":[],"class_list":["post-20208","product","type-product","status-publish","has-post-thumbnail","hentry","product_cat-flowers","product_cat-vietgrow"],"_links":{"self":[{"href":"https:\/\/saigonweed.com\/fr\/wp-json\/wp\/v2\/product\/20208","targetHints":{"allow":["GET"]}}],"collection":[{"href":"https:\/\/saigonweed.com\/fr\/wp-json\/wp\/v2\/product"}],"about":[{"href":"https:\/\/saigonweed.com\/fr\/wp-json\/wp\/v2\/types\/product"}],"replies":[{"embeddable":true,"href":"https:\/\/saigonweed.com\/fr\/wp-json\/wp\/v2\/comments?post=20208"}],"wp:featuredmedia":[{"embeddable":true,"href":"https:\/\/saigonweed.com\/fr\/wp-json\/wp\/v2\/media\/20212"}],"wp:attachment":[{"href":"https:\/\/saigonweed.com\/fr\/wp-json\/wp\/v2\/media?parent=20208"}],"wp:term":[{"taxonomy":"product_cat","embeddable":true,"href":"https:\/\/saigonweed.com\/fr\/wp-json\/wp\/v2\/product_cat?post=20208"},{"taxonomy":"product_tag","embeddable":true,"href":"https:\/\/saigonweed.com\/fr\/wp-json\/wp\/v2\/product_tag?post=20208"}],"curies":[{"name":"wp","href":"https:\/\/api.w.org\/{rel}","templated":true}]}}