{"id":18817,"date":"2018-01-29T20:15:39","date_gmt":"2018-01-29T20:15:39","guid":{"rendered":"https:\/\/saigonweed.com\/?post_type=product&#038;p=18817"},"modified":"2025-06-01T08:38:43","modified_gmt":"2025-06-01T01:38:43","slug":"gorilla-glue-4","status":"publish","type":"product","link":"https:\/\/saigonweed.com\/fr\/gorilla-glue-4\/","title":{"rendered":"Gorilla Glue #4"},"content":{"rendered":"<div class=\"effect-wrapper ng-star-inserted\">\n<div>\n<p><strong>Gorilla Glue #4<\/strong> (aussi connu sous le nom <strong>GG#4<\/strong>) cr\u00e9\u00e9e par les vari\u00e9t\u00e9s GG est un hybride \u00e0 dominante Sativa, une vari\u00e9t\u00e9 prim\u00e9e \u00e0 plusieurs reprises, c\u00e9l\u00e8bre pour sa teneur \u00e9lev\u00e9e en THC. Cette vari\u00e9t\u00e9 tire son nom de la r\u00e9sine qui s&#039;accumule sur les ciseaux lors de la coupe. Gorilla Glue #4 a plusieurs parents en raison de nombreux r\u00e9trocroisements \u2013 Sour Diesel, Sour Dubb, Chem&#039;s Sister et Chocolate Diesel.<\/p>\n<\/div>\n<\/div>\n<div class=\"effect-wrapper ng-star-inserted\">\n<div>\n<p>La vari\u00e9t\u00e9 hybride a remport\u00e9 des prix lors de la Cannabis Cup 2014 \u00e0 Los Angeles et au Michigan. Il a \u00e9t\u00e9 d\u00e9crit comme un groupe de trichomes avec quelques bourgeons, feuilles et tiges qui d\u00e9passent.<\/p>\n<p>Il est important d\u2019\u00eatre prudent et de ne pas rechercher le cannabis le plus puissant possible, car il arrive \u00e0 un point o\u00f9 il devient BEAUCOUP trop fort, m\u00eame pour les consommateurs interm\u00e9diaires. La vari\u00e9t\u00e9 Gorilla Glue #4 est l&#039;une des plus puissantes au monde et n&#039;est PAS destin\u00e9e aux novices.<\/p>\n<h3>Vid\u00e9o de bourgeons de mauvaises herbes Real Gorilla Glue #4 de Saigon Weed<\/h3>\n<div style=\"width: 720px;\" class=\"wp-video\"><!--[if lt IE 9]><script>document.createElement('video');<\/script><![endif]-->\n<video class=\"wp-video-shortcode\" id=\"video-18817-1\" width=\"720\" height=\"1280\" autoplay preload=\"auto\" controls=\"controls\"><source type=\"video\/mp4\" src=\"https:\/\/saigonweed.com\/wp-content\/uploads\/2018\/01\/Gorilla-Glue-4.mp4?_=1\" \/><a href=\"https:\/\/saigonweed.com\/wp-content\/uploads\/2018\/01\/Gorilla-Glue-4.mp4\">https:\/\/saigonweed.com\/wp-content\/uploads\/2018\/01\/Gorilla-Glue-4.mp4<\/a><\/video><\/div>\n<\/div>\n<\/div>","protected":false},"excerpt":{"rendered":"<div class=\"woocommerce-product-details__short-description\">\n<div class=\"listing-info-left\">\n<div class=\"listing-info-description\">Connue pour sa teneur tr\u00e8s \u00e9lev\u00e9e en THC, la Gorilla Glue #4 est capable de produire tout un buzz. Ce n\u2019est certainement pas pour un novice en mati\u00e8re de cannabis et devrait \u00eatre consomm\u00e9 la nuit en raison de ses propri\u00e9t\u00e9s bloquant le canap\u00e9. La Gorilla Glue #4 a peut-\u00eatre un go\u00fbt de caf\u00e9 et de chocolat, mais ses effets sont \u00e9nergisants.<\/div>\n<\/div>\n<\/div>","protected":false},"featured_media":20091,"comment_status":"open","ping_status":"closed","template":"","meta":[],"product_cat":[452,517],"product_tag":[],"class_list":["post-18817","product","type-product","status-publish","has-post-thumbnail","hentry","product_cat-flowers","product_cat-imported"],"_links":{"self":[{"href":"https:\/\/saigonweed.com\/fr\/wp-json\/wp\/v2\/product\/18817","targetHints":{"allow":["GET"]}}],"collection":[{"href":"https:\/\/saigonweed.com\/fr\/wp-json\/wp\/v2\/product"}],"about":[{"href":"https:\/\/saigonweed.com\/fr\/wp-json\/wp\/v2\/types\/product"}],"replies":[{"embeddable":true,"href":"https:\/\/saigonweed.com\/fr\/wp-json\/wp\/v2\/comments?post=18817"}],"wp:featuredmedia":[{"embeddable":true,"href":"https:\/\/saigonweed.com\/fr\/wp-json\/wp\/v2\/media\/20091"}],"wp:attachment":[{"href":"https:\/\/saigonweed.com\/fr\/wp-json\/wp\/v2\/media?parent=18817"}],"wp:term":[{"taxonomy":"product_cat","embeddable":true,"href":"https:\/\/saigonweed.com\/fr\/wp-json\/wp\/v2\/product_cat?post=18817"},{"taxonomy":"product_tag","embeddable":true,"href":"https:\/\/saigonweed.com\/fr\/wp-json\/wp\/v2\/product_tag?post=18817"}],"curies":[{"name":"wp","href":"https:\/\/api.w.org\/{rel}","templated":true}]}}