{"id":18188,"date":"2019-01-22T14:39:01","date_gmt":"2019-01-22T14:39:01","guid":{"rendered":"https:\/\/saigonweed.com\/?post_type=product&#038;p=18188"},"modified":"2025-06-01T03:54:42","modified_gmt":"2025-05-31T20:54:42","slug":"purple-punch","status":"publish","type":"product","link":"https:\/\/saigonweed.com\/fr\/purple-punch\/","title":{"rendered":"Purple Punch"},"content":{"rendered":"<div class=\"effect-wrapper ng-star-inserted\">\n<div>\n<p>Nous devons remercier les s\u00e9lectionneurs myst\u00e8res d&#039;avoir introduit la Purple Punch dans nos vies, car cette t\u00eate puissante offre une explosion de saveur avec des effets dont vous aurez envie encore et encore. Travers\u00e9e\u00a0<strong>Grand-p\u00e8re violet<\/strong>\u00a0avec\u00a0<strong>Larry OG<\/strong> Larry OG \u00e9tait une bonne id\u00e9e, car cette vari\u00e9t\u00e9 \u00e0 dominance indica fait ressortir le meilleur de ses deux parents. Les personnes qui recherchent des effets aussi forts sur l\u2019esprit que sur le corps devraient essayer cette t\u00eate.<\/p>\n<\/div>\n<\/div>\n<div class=\"effect-wrapper ng-star-inserted\">\n<div>\n<p>M\u00eame si elle ne semble pas forte \u00e0 un niveau \u00e9lev\u00e9 de 20% THC, Purple Punch contient \u00e9galement du 1% CBD et finit par vous frapper comme un camion Mack. Les p\u00e9pites sont tr\u00e8s moelleuses et lumineuses avec un ton n\u00e9on accompagn\u00e9 de pistils rouge\u00e2tres et de trichomes ambr\u00e9s. Certains pourraient d\u00e9crire les saveurs et les ar\u00f4mes de ce bourgeon comme un coup de poing au visage, et \u00e0 juste titre, car une forte note de raisin Kool-Aid est pr\u00e9sente. Cependant, cela est contrebalanc\u00e9 par d\u2019autres saveurs d\u00e9licieuses, notamment les myrtilles, la vanille et les herbes.<\/p>\n<h3>Vid\u00e9o de v\u00e9ritables bourgeons de mauvaises herbes Purple Punch de Saigon Weed<\/h3>\n<div style=\"width: 704px;\" class=\"wp-video\"><!--[if lt IE 9]><script>document.createElement('video');<\/script><![endif]-->\n<video class=\"wp-video-shortcode\" id=\"video-18188-1\" width=\"704\" height=\"1280\" autoplay preload=\"auto\" controls=\"controls\"><source type=\"video\/mp4\" src=\"https:\/\/saigonweed.com\/wp-content\/uploads\/2019\/01\/Purple-Punch.mp4?_=1\" \/><a href=\"https:\/\/saigonweed.com\/wp-content\/uploads\/2019\/01\/Purple-Punch.mp4\">https:\/\/saigonweed.com\/wp-content\/uploads\/2019\/01\/Purple-Punch.mp4<\/a><\/video><\/div>\n<\/div>\n<\/div>","protected":false},"excerpt":{"rendered":"<div class=\"woocommerce-product-details__short-description\">\n<p>Si vous aimez les vari\u00e9t\u00e9s sucr\u00e9es et fruit\u00e9es, vous adorerez certainement la vari\u00e9t\u00e9 Purple Punch. Avec un profil aromatique de punch aux fruits, de quilles et de raisin, vos papilles gustatives s&#039;envoleront dans une extase fruit\u00e9e en un rien de temps. De plus, cette vari\u00e9t\u00e9 offre un effet relaxant et euphorique, donc si vous avez \u00e9t\u00e9 d\u00e9prim\u00e9 et trop stress\u00e9, Purple Punch est l\u00e0 pour vous sauver la situation.<\/p>\n<\/div>","protected":false},"featured_media":20094,"comment_status":"open","ping_status":"closed","template":"","meta":[],"product_cat":[452,517],"product_tag":[],"class_list":["post-18188","product","type-product","status-publish","has-post-thumbnail","hentry","product_cat-flowers","product_cat-imported"],"_links":{"self":[{"href":"https:\/\/saigonweed.com\/fr\/wp-json\/wp\/v2\/product\/18188","targetHints":{"allow":["GET"]}}],"collection":[{"href":"https:\/\/saigonweed.com\/fr\/wp-json\/wp\/v2\/product"}],"about":[{"href":"https:\/\/saigonweed.com\/fr\/wp-json\/wp\/v2\/types\/product"}],"replies":[{"embeddable":true,"href":"https:\/\/saigonweed.com\/fr\/wp-json\/wp\/v2\/comments?post=18188"}],"wp:featuredmedia":[{"embeddable":true,"href":"https:\/\/saigonweed.com\/fr\/wp-json\/wp\/v2\/media\/20094"}],"wp:attachment":[{"href":"https:\/\/saigonweed.com\/fr\/wp-json\/wp\/v2\/media?parent=18188"}],"wp:term":[{"taxonomy":"product_cat","embeddable":true,"href":"https:\/\/saigonweed.com\/fr\/wp-json\/wp\/v2\/product_cat?post=18188"},{"taxonomy":"product_tag","embeddable":true,"href":"https:\/\/saigonweed.com\/fr\/wp-json\/wp\/v2\/product_tag?post=18188"}],"curies":[{"name":"wp","href":"https:\/\/api.w.org\/{rel}","templated":true}]}}