{"id":18187,"date":"2019-01-22T14:39:01","date_gmt":"2019-01-22T14:39:01","guid":{"rendered":"https:\/\/saigonweed.com\/?post_type=product&#038;p=18187"},"modified":"2026-02-12T21:32:31","modified_gmt":"2026-02-12T14:32:31","slug":"gmo","status":"publish","type":"product","link":"https:\/\/saigonweed.com\/fr\/gmo\/","title":{"rendered":"GMO"},"content":{"rendered":"<p>La vari\u00e9t\u00e9 de cannabis GMO est l\u2019une des vari\u00e9t\u00e9s de cannabis les plus en vogue ces derniers temps. M\u00eame les fumeurs chevronn\u00e9s jurent qu\u2019ils n\u2019ont jamais connu un effet comme celui des OGM. La vari\u00e9t\u00e9 a suscit\u00e9 presque autant de publicit\u00e9 qu\u2019elle a de surnoms\u00a0; en plus des OGM, il est \u00e9galement connu sous le nom de cookies \u00e0 l&#039;ail et de cookies OGM.<\/p>\n<p>La plupart des blogs rappellent \u00e0 leurs lecteurs que les cookies OGM ne sont pas des \u00ab organismes g\u00e9n\u00e9tiquement modifi\u00e9s \u00bb comme c&#039;est le cas dans la production alimentaire. Cependant, les vari\u00e9t\u00e9s de cannabis sont g\u00e9n\u00e9tiquement modifi\u00e9es, si on y r\u00e9fl\u00e9chit bien, peut-\u00eatre pas de la m\u00eame mani\u00e8re. GMO ou Garlic Cookies, comme on l&#039;appelle parfois de mani\u00e8re moins app\u00e9tissante, est une puissante vari\u00e9t\u00e9 obs\u00e9d\u00e9e par l&#039;Indica (90\/10) avec un parfum prononc\u00e9 et un puissant effet s\u00e9datif. Elle a \u00e9t\u00e9 s\u00e9lectionn\u00e9e par le s\u00e9lectionneur espagnol Mamiko Seeds de\u00a0<strong>Biscuits \u00e9claireuses<\/strong>\u00a0et\u00a0<strong>Chemdawg<\/strong>. C\u2019est de l\u00e0 qu\u2019il tire ses saveurs puantes et son piquant insens\u00e9. Si vous voulez voler haut et puer jusqu&#039;au bout, les cookies OGM sont le moyen d&#039;y parvenir.<\/p>\n<h3>Vid\u00e9o de v\u00e9ritables bourgeons de mauvaises herbes OGM de Saigon Weed<\/h3>\n<p>&nbsp;<\/p>\n<div style=\"width: 704px;\" class=\"wp-video\"><!--[if lt IE 9]><script>document.createElement('video');<\/script><![endif]-->\n<video class=\"wp-video-shortcode\" id=\"video-18187-1\" width=\"704\" height=\"1280\" autoplay preload=\"metadata\" controls=\"controls\"><source type=\"video\/mp4\" src=\"https:\/\/saigonweed.com\/wp-content\/uploads\/2019\/01\/GMO.mp4?_=1\" \/><a href=\"https:\/\/saigonweed.com\/wp-content\/uploads\/2019\/01\/GMO.mp4\">https:\/\/saigonweed.com\/wp-content\/uploads\/2019\/01\/GMO.mp4<\/a><\/video><\/div>","protected":false},"excerpt":{"rendered":"<div class=\"listing-info-left\">\n<div class=\"listing-info-description\">Une mouffette tr\u00e8s forte qui a du punch dans tous les domaines, y compris l&#039;odeur, le go\u00fbt et les effets. Une bouff\u00e9e et vous comprendrez pourquoi il est si appr\u00e9ci\u00e9.<\/div>\n<\/div>","protected":false},"featured_media":20085,"comment_status":"open","ping_status":"closed","template":"","meta":[],"product_cat":[452,517],"product_tag":[],"class_list":["post-18187","product","type-product","status-publish","has-post-thumbnail","hentry","product_cat-flowers","product_cat-imported"],"_links":{"self":[{"href":"https:\/\/saigonweed.com\/fr\/wp-json\/wp\/v2\/product\/18187","targetHints":{"allow":["GET"]}}],"collection":[{"href":"https:\/\/saigonweed.com\/fr\/wp-json\/wp\/v2\/product"}],"about":[{"href":"https:\/\/saigonweed.com\/fr\/wp-json\/wp\/v2\/types\/product"}],"replies":[{"embeddable":true,"href":"https:\/\/saigonweed.com\/fr\/wp-json\/wp\/v2\/comments?post=18187"}],"wp:featuredmedia":[{"embeddable":true,"href":"https:\/\/saigonweed.com\/fr\/wp-json\/wp\/v2\/media\/20085"}],"wp:attachment":[{"href":"https:\/\/saigonweed.com\/fr\/wp-json\/wp\/v2\/media?parent=18187"}],"wp:term":[{"taxonomy":"product_cat","embeddable":true,"href":"https:\/\/saigonweed.com\/fr\/wp-json\/wp\/v2\/product_cat?post=18187"},{"taxonomy":"product_tag","embeddable":true,"href":"https:\/\/saigonweed.com\/fr\/wp-json\/wp\/v2\/product_tag?post=18187"}],"curies":[{"name":"wp","href":"https:\/\/api.w.org\/{rel}","templated":true}]}}