{"id":18188,"date":"2019-01-22T14:39:01","date_gmt":"2019-01-22T14:39:01","guid":{"rendered":"https:\/\/saigonweed.com\/?post_type=product&#038;p=18188"},"modified":"2025-06-01T03:54:42","modified_gmt":"2025-05-31T20:54:42","slug":"purple-punch","status":"publish","type":"product","link":"https:\/\/saigonweed.com\/es\/purple-punch\/","title":{"rendered":"Purple Punch"},"content":{"rendered":"<div class=\"effect-wrapper ng-star-inserted\">\n<div>\n<p>A los criadores misteriosos debemos agradecerles por traer la Purple Punch a nuestras vidas, ya que este potente cogollo ofrece una explosi\u00f3n de sabor con efectos que anhelar\u00e1s una y otra vez. Cruce\u00a0<strong>Abuelo P\u00farpura<\/strong>\u00a0con\u00a0<strong>Larry OG<\/strong> La Larry OG fue una idea inteligente, ya que esta cepa de dominancia \u00edndica saca lo mejor de sus padres. Las personas que anhelan efectos corporales y mentales igualmente fuertes deber\u00edan probar este cogollo.<\/p>\n<\/div>\n<\/div>\n<div class=\"effect-wrapper ng-star-inserted\">\n<div>\n<p>Si bien puede que no suene fuerte con un subid\u00f3n de 20% THC, la Purple Punch tambi\u00e9n incluye 1% CBD y termina golpe\u00e1ndote como un cami\u00f3n Mack. Los cogollos son muy esponjosos y brillantes, con un tono ne\u00f3n acompa\u00f1ado de pistilos rojizos y tricomas de color \u00e1mbar. Algunos podr\u00edan describir los sabores y aromas de este cogollo como un pu\u00f1etazo en la cara, y con raz\u00f3n, ya que est\u00e1 presente una fuerte nota de Kool-Aid de uva. Sin embargo, esto se compensa con otros deliciosos sabores que incluyen ar\u00e1ndanos, vainilla y hierbas.<\/p>\n<h3>V\u00eddeo de Real Purple Punch Weed Buds de Saigon Weed<\/h3>\n<div style=\"width: 704px;\" class=\"wp-video\"><!--[if lt IE 9]><script>document.createElement('video');<\/script><![endif]-->\n<video class=\"wp-video-shortcode\" id=\"video-18188-1\" width=\"704\" height=\"1280\" autoplay preload=\"auto\" controls=\"controls\"><source type=\"video\/mp4\" src=\"https:\/\/saigonweed.com\/wp-content\/uploads\/2019\/01\/Purple-Punch.mp4?_=1\" \/><a href=\"https:\/\/saigonweed.com\/wp-content\/uploads\/2019\/01\/Purple-Punch.mp4\">https:\/\/saigonweed.com\/wp-content\/uploads\/2019\/01\/Purple-Punch.mp4<\/a><\/video><\/div>\n<\/div>\n<\/div>","protected":false},"excerpt":{"rendered":"<div class=\"woocommerce-product-details__short-description\">\n<p>Si te gustan las variedades dulces y afrutadas, seguro que te encantar\u00e1 la variedad Purple Punch. Con un perfil de sabor a ponche de frutas, bolos y uva, tus papilas gustativas se volar\u00e1n en un \u00e9xtasis afrutado en muy poco tiempo. Adem\u00e1s, esta cepa ofrece un subid\u00f3n relajante y euf\u00f3rico, por lo que si has estado deprimido y estresado, Purple Punch est\u00e1 aqu\u00ed para salvar el d\u00eda.<\/p>\n<\/div>","protected":false},"featured_media":20094,"comment_status":"open","ping_status":"closed","template":"","meta":[],"product_cat":[452,517],"product_tag":[],"class_list":["post-18188","product","type-product","status-publish","has-post-thumbnail","hentry","product_cat-flowers","product_cat-imported"],"_links":{"self":[{"href":"https:\/\/saigonweed.com\/es\/wp-json\/wp\/v2\/product\/18188","targetHints":{"allow":["GET"]}}],"collection":[{"href":"https:\/\/saigonweed.com\/es\/wp-json\/wp\/v2\/product"}],"about":[{"href":"https:\/\/saigonweed.com\/es\/wp-json\/wp\/v2\/types\/product"}],"replies":[{"embeddable":true,"href":"https:\/\/saigonweed.com\/es\/wp-json\/wp\/v2\/comments?post=18188"}],"wp:featuredmedia":[{"embeddable":true,"href":"https:\/\/saigonweed.com\/es\/wp-json\/wp\/v2\/media\/20094"}],"wp:attachment":[{"href":"https:\/\/saigonweed.com\/es\/wp-json\/wp\/v2\/media?parent=18188"}],"wp:term":[{"taxonomy":"product_cat","embeddable":true,"href":"https:\/\/saigonweed.com\/es\/wp-json\/wp\/v2\/product_cat?post=18188"},{"taxonomy":"product_tag","embeddable":true,"href":"https:\/\/saigonweed.com\/es\/wp-json\/wp\/v2\/product_tag?post=18188"}],"curies":[{"name":"wp","href":"https:\/\/api.w.org\/{rel}","templated":true}]}}