{"id":13643,"date":"2020-04-14T01:27:19","date_gmt":"2020-04-14T01:27:19","guid":{"rendered":"https:\/\/saigonweed.com\/?page_id=13643"},"modified":"2021-02-01T18:14:42","modified_gmt":"2021-02-01T18:14:42","slug":"testimonials","status":"publish","type":"page","link":"https:\/\/saigonweed.com\/es\/testimonials\/","title":{"rendered":"Testimonios"},"content":{"rendered":"<div data-elementor-type=\"wp-page\" data-elementor-id=\"13643\" class=\"elementor elementor-13643\" data-elementor-settings=\"[]\">\n\t\t\t\t\t\t<div class=\"elementor-inner\">\n\t\t\t\t\t\t\t<div class=\"elementor-section-wrap\">\n\t\t\t\t\t\t\t<section class=\"elementor-section elementor-top-section elementor-element elementor-element-b779652 elementor-section-boxed elementor-section-height-default elementor-section-height-default\" data-id=\"b779652\" data-element_type=\"section\">\n\t\t\t\t\t\t<div class=\"elementor-container elementor-column-gap-default\">\n\t\t\t\t\t\t\t<div class=\"elementor-row\">\n\t\t\t\t\t<div class=\"elementor-column elementor-col-100 elementor-top-column elementor-element elementor-element-6bdbb78\" data-id=\"6bdbb78\" data-element_type=\"column\">\n\t\t\t<div class=\"elementor-column-wrap elementor-element-populated\">\n\t\t\t\t\t\t\t<div class=\"elementor-widget-wrap\">\n\t\t\t\t\t\t<div class=\"elementor-element elementor-element-1046f25 lte-heading-style-header-subheader elementor-widget elementor-widget-lte-header\" data-id=\"1046f25\" data-element_type=\"widget\" data-widget_type=\"lte-header.default\">\n\t\t\t\t<div class=\"elementor-widget-container\">\n\t\t\t<div class=\"lte-heading lte-style-header-subheader lte-subcolor-main has-subheader heading-tag-h3 heading-subtag-h6\"><div class=\"lte-heading-content\"><h6 class=\"lte-subheader\">Socios<\/h6><h3 class=\"lte-header\">Rese\u00f1as de clientes principales<\/h3><\/div><\/div>\t\t<\/div>\n\t\t\t\t<\/div>\n\t\t\t\t<div class=\"elementor-element elementor-element-3c523f3 elementor-widget elementor-widget-spacer\" data-id=\"3c523f3\" data-element_type=\"widget\" data-widget_type=\"spacer.default\">\n\t\t\t\t<div class=\"elementor-widget-container\">\n\t\t\t\t\t<div class=\"elementor-spacer\">\n\t\t\t<div class=\"elementor-spacer-inner\"><\/div>\n\t\t<\/div>\n\t\t\t\t<\/div>\n\t\t\t\t<\/div>\n\t\t\t\t<div class=\"elementor-element elementor-element-4995c1a elementor-widget elementor-widget-lte-testimonials\" data-id=\"4995c1a\" data-element_type=\"widget\" data-widget_type=\"lte-testimonials.default\">\n\t\t\t\t<div class=\"elementor-widget-container\">\n\t\t\t<div class=\"lte-swiper-slider-wrapper\"><div class=\"lte-swiper-slider swiper-container lte-testimonials-list lte-testimonials-layout-swiper lte-cols-1\" data-space-between=\"30\" data-arrows=\"fraction\" data-autoplay=\"0\" data-autoplay-interaction=\"\" data-loop=\"\" data-speed=\"1000\" data-effect=\"slide\" data-slides-per-group=\"\" data-pagination=\"fraction\" data-breakpoints=\"1;;;;;\"><div class=\"swiper-wrapper\"><div class=\"lte-item swiper-slide\"><div class=\"lte-inner\">\r\n\t<div class=\"lte-descr\"><p>Peque\u00f1a empresa en la que llevo comprando a\u00f1os. Me encantan sus flores, que tienen un precio razonable a diferencia de los dispensarios. Definitivamente lo recomiendo a todos los amantes del cannabis.<\/p><span class=\"lte-triangle\"><\/span><\/div><div class=\"lte-image\"><img loading=\"lazy\" decoding=\"async\" width=\"110\" height=\"110\" src=\"https:\/\/saigonweed.com\/wp-content\/uploads\/2019\/06\/testimonials-11-110x110.jpg\" class=\"attachment-calmes-tiny-square size-calmes-tiny-square wp-post-image\" alt=\"- Saigon Weed - saigonweed.com\" srcset=\"https:\/\/saigonweed.com\/wp-content\/uploads\/2019\/06\/testimonials-11-110x110.jpg 110w, https:\/\/saigonweed.com\/wp-content\/uploads\/2019\/06\/testimonials-11-150x150.jpg 150w, https:\/\/saigonweed.com\/wp-content\/uploads\/2019\/06\/testimonials-11-300x300.jpg 300w, https:\/\/saigonweed.com\/wp-content\/uploads\/2019\/06\/testimonials-11-768x768.jpg 768w, https:\/\/saigonweed.com\/wp-content\/uploads\/2019\/06\/testimonials-11-140x140.jpg 140w, https:\/\/saigonweed.com\/wp-content\/uploads\/2019\/06\/testimonials-11-100x100.jpg 100w, https:\/\/saigonweed.com\/wp-content\/uploads\/2019\/06\/testimonials-11-360x360.jpg 360w, https:\/\/saigonweed.com\/wp-content\/uploads\/2019\/06\/testimonials-11-800x800.jpg 800w, https:\/\/saigonweed.com\/wp-content\/uploads\/2019\/06\/testimonials-11-480x480.jpg 480w, https:\/\/saigonweed.com\/wp-content\/uploads\/2019\/06\/testimonials-11-600x600.jpg 600w, https:\/\/saigonweed.com\/wp-content\/uploads\/2019\/06\/testimonials-11.jpg 952w\" sizes=\"auto, (max-width: 110px) 100vw, 110px\" title=\"- Saigon Weed - saigonweed.com\"><\/div><div class=\"lte-header\">Stefanie Rashford<\/div><\/div>\r\n<\/div><div class=\"lte-item swiper-slide\"><div class=\"lte-inner\">\r\n\t<div class=\"lte-descr\"><p>Saigon Weed es r\u00e1pido, asequible y cuenta con gente amable. Si no los has probado, \u00a1hazlo! Son mis mejores amigos en Saig\u00f3n por ahora, jaja.<\/p><span class=\"lte-triangle\"><\/span><\/div><div class=\"lte-image\"><img loading=\"lazy\" decoding=\"async\" width=\"110\" height=\"110\" src=\"https:\/\/saigonweed.com\/wp-content\/uploads\/2019\/06\/testimonials-07-110x110.jpg\" class=\"attachment-calmes-tiny-square size-calmes-tiny-square wp-post-image\" alt=\"- Saigon Weed - saigonweed.com\" srcset=\"https:\/\/saigonweed.com\/wp-content\/uploads\/2019\/06\/testimonials-07-110x110.jpg 110w, https:\/\/saigonweed.com\/wp-content\/uploads\/2019\/06\/testimonials-07-150x150.jpg 150w, https:\/\/saigonweed.com\/wp-content\/uploads\/2019\/06\/testimonials-07-300x300.jpg 300w, https:\/\/saigonweed.com\/wp-content\/uploads\/2019\/06\/testimonials-07-768x768.jpg 768w, https:\/\/saigonweed.com\/wp-content\/uploads\/2019\/06\/testimonials-07-140x140.jpg 140w, https:\/\/saigonweed.com\/wp-content\/uploads\/2019\/06\/testimonials-07-100x100.jpg 100w, https:\/\/saigonweed.com\/wp-content\/uploads\/2019\/06\/testimonials-07-360x360.jpg 360w, https:\/\/saigonweed.com\/wp-content\/uploads\/2019\/06\/testimonials-07-800x800.jpg 800w, https:\/\/saigonweed.com\/wp-content\/uploads\/2019\/06\/testimonials-07-480x480.jpg 480w, https:\/\/saigonweed.com\/wp-content\/uploads\/2019\/06\/testimonials-07-600x600.jpg 600w, https:\/\/saigonweed.com\/wp-content\/uploads\/2019\/06\/testimonials-07.jpg 952w\" sizes=\"auto, (max-width: 110px) 100vw, 110px\" title=\"- Saigon Weed - saigonweed.com\"><\/div><div class=\"lte-header\">Piedra patricia<\/div><\/div>\r\n<\/div><div class=\"lte-item swiper-slide\"><div class=\"lte-inner\">\r\n\t<div class=\"lte-descr\"><p>Gran servicio de Saigon Weed. 10\/10! \u00a1Recomiendo encarecidamente realizar el pedido desde aqu\u00ed! Ped\u00ed una hora antes de que cerraran y mi pedido lleg\u00f3 en el momento oportuno. El conductor tambi\u00e9n fue extremadamente amable y servicial.<\/p><span class=\"lte-triangle\"><\/span><\/div><div class=\"lte-image\"><\/div><div class=\"lte-header\">HugoJames<\/div><\/div>\r\n<\/div><div class=\"lte-item swiper-slide\"><div class=\"lte-inner\">\r\n\t<div class=\"lte-descr\"><p>Lo mejor de la ciudad de Hochiminh, \u00a1simplemente rel\u00e1jate en casa y espera tu fuego! 50-100 g son los mejores precios en el \u00c1rea de la Bah\u00eda.<\/p><span class=\"lte-triangle\"><\/span><\/div><div class=\"lte-image\"><img loading=\"lazy\" decoding=\"async\" width=\"110\" height=\"110\" src=\"https:\/\/saigonweed.com\/wp-content\/uploads\/2019\/06\/testimonials-12-110x110.jpg\" class=\"attachment-calmes-tiny-square size-calmes-tiny-square wp-post-image\" alt=\"- Saigon Weed - saigonweed.com\" srcset=\"https:\/\/saigonweed.com\/wp-content\/uploads\/2019\/06\/testimonials-12-110x110.jpg 110w, https:\/\/saigonweed.com\/wp-content\/uploads\/2019\/06\/testimonials-12-150x150.jpg 150w, https:\/\/saigonweed.com\/wp-content\/uploads\/2019\/06\/testimonials-12-300x300.jpg 300w, https:\/\/saigonweed.com\/wp-content\/uploads\/2019\/06\/testimonials-12-768x768.jpg 768w, https:\/\/saigonweed.com\/wp-content\/uploads\/2019\/06\/testimonials-12-140x140.jpg 140w, https:\/\/saigonweed.com\/wp-content\/uploads\/2019\/06\/testimonials-12-100x100.jpg 100w, https:\/\/saigonweed.com\/wp-content\/uploads\/2019\/06\/testimonials-12-360x360.jpg 360w, https:\/\/saigonweed.com\/wp-content\/uploads\/2019\/06\/testimonials-12-800x800.jpg 800w, https:\/\/saigonweed.com\/wp-content\/uploads\/2019\/06\/testimonials-12-480x480.jpg 480w, https:\/\/saigonweed.com\/wp-content\/uploads\/2019\/06\/testimonials-12-600x600.jpg 600w, https:\/\/saigonweed.com\/wp-content\/uploads\/2019\/06\/testimonials-12.jpg 952w\" sizes=\"auto, (max-width: 110px) 100vw, 110px\" title=\"- Saigon Weed - saigonweed.com\"><\/div><div class=\"lte-header\">Cassie Carleton<\/div><\/div>\r\n<\/div><\/div><\/div><\/div>\t\t<\/div>\n\t\t\t\t<\/div>\n\t\t\t\t<div class=\"elementor-element elementor-element-712fcc1 elementor-widget elementor-widget-spacer\" data-id=\"712fcc1\" data-element_type=\"widget\" data-widget_type=\"spacer.default\">\n\t\t\t\t<div class=\"elementor-widget-container\">\n\t\t\t\t\t<div class=\"elementor-spacer\">\n\t\t\t<div class=\"elementor-spacer-inner\"><\/div>\n\t\t<\/div>\n\t\t\t\t<\/div>\n\t\t\t\t<\/div>\n\t\t\t\t<div class=\"elementor-element elementor-element-9aa1a2b elementor-widget elementor-widget-spacer\" data-id=\"9aa1a2b\" data-element_type=\"widget\" data-widget_type=\"spacer.default\">\n\t\t\t\t<div class=\"elementor-widget-container\">\n\t\t\t\t\t<div class=\"elementor-spacer\">\n\t\t\t<div class=\"elementor-spacer-inner\"><\/div>\n\t\t<\/div>\n\t\t\t\t<\/div>\n\t\t\t\t<\/div>\n\t\t\t\t\t\t<\/div>\n\t\t\t\t\t<\/div>\n\t\t<\/div>\n\t\t\t\t\t\t\t\t<\/div>\n\t\t\t\t\t<\/div>\n\t\t<\/section>\n\t\t\t\t<section class=\"lte-background-gray elementor-section elementor-top-section elementor-element elementor-element-c0b634b lte-background-gray elementor-section-full_width elementor-section-height-default elementor-section-height-default\" data-id=\"c0b634b\" data-element_type=\"section\" data-settings=\"{&quot;background_background&quot;:&quot;classic&quot;}\">\n\t\t\t\t\t\t<div class=\"elementor-container elementor-column-gap-default\">\n\t\t\t\t\t\t\t<div class=\"elementor-row\">\n\t\t\t\t\t<div class=\"elementor-column elementor-col-100 elementor-top-column elementor-element elementor-element-ed2c047\" data-id=\"ed2c047\" data-element_type=\"column\">\n\t\t\t<div class=\"elementor-column-wrap elementor-element-populated\">\n\t\t\t\t\t\t\t<div class=\"elementor-widget-wrap\">\n\t\t\t\t\t\t<section class=\"elementor-section elementor-inner-section elementor-element elementor-element-9fdc161 elementor-section-boxed elementor-section-height-default elementor-section-height-default\" data-id=\"9fdc161\" data-element_type=\"section\">\n\t\t\t\t\t\t<div class=\"elementor-container elementor-column-gap-default\">\n\t\t\t\t\t\t\t<div class=\"elementor-row\">\n\t\t\t\t\t<div class=\"elementor-column elementor-col-100 elementor-inner-column elementor-element elementor-element-fca28eb\" data-id=\"fca28eb\" data-element_type=\"column\">\n\t\t\t<div class=\"elementor-column-wrap elementor-element-populated\">\n\t\t\t\t\t\t\t<div class=\"elementor-widget-wrap\">\n\t\t\t\t\t\t<div class=\"elementor-element elementor-element-7d7c46e elementor-widget elementor-widget-spacer\" data-id=\"7d7c46e\" data-element_type=\"widget\" data-widget_type=\"spacer.default\">\n\t\t\t\t<div class=\"elementor-widget-container\">\n\t\t\t\t\t<div class=\"elementor-spacer\">\n\t\t\t<div class=\"elementor-spacer-inner\"><\/div>\n\t\t<\/div>\n\t\t\t\t<\/div>\n\t\t\t\t<\/div>\n\t\t\t\t<div class=\"elementor-element elementor-element-7229053 lte-heading-style-header-subheader elementor-widget elementor-widget-lte-header\" data-id=\"7229053\" data-element_type=\"widget\" data-widget_type=\"lte-header.default\">\n\t\t\t\t<div class=\"elementor-widget-container\">\n\t\t\t<div class=\"lte-heading lte-style-header-subheader lte-subcolor-main has-subheader heading-tag-h3 heading-subtag-h6\"><div class=\"lte-heading-content\"><h6 class=\"lte-subheader\">Comentario<\/h6><h3 class=\"lte-header\">Deja tu rese\u00f1a<\/h3><\/div><\/div>\t\t<\/div>\n\t\t\t\t<\/div>\n\t\t\t\t<div class=\"elementor-element elementor-element-4dd3e9b elementor-widget__width-initial elementor-widget elementor-widget-text-editor\" data-id=\"4dd3e9b\" data-element_type=\"widget\" data-widget_type=\"text-editor.default\">\n\t\t\t\t<div class=\"elementor-widget-container\">\n\t\t\t\t\t\t\t\t<div class=\"elementor-text-editor elementor-clearfix\">\n\t\t\t\tMaecenas est dui, commodo a rutrum eget, interdum vel lorem. Aliquam euismod dapibus turpis, vitae placerat purus vestibulum non. Pellentesque ut nisi viverra, dictum nisi sed.\t\t\t\t\t<\/div>\n\t\t\t\t\t\t<\/div>\n\t\t\t\t<\/div>\n\t\t\t\t<div class=\"elementor-element elementor-element-d47b45e lte-background-transparent elementor-widget__width-initial elementor-widget elementor-widget-lte-cf7\" data-id=\"d47b45e\" data-element_type=\"widget\" data-widget_type=\"lte-cf7.default\">\n\t\t\t\t<div class=\"elementor-widget-container\">\n\t\t\t<div class=\"lte-contact-form-7 lte-padding- lte-full-width-no\"><div role=\"form\" class=\"wpcf7\" id=\"wpcf7-f12000-o1\" lang=\"en-US\" dir=\"ltr\">\n<div class=\"screen-reader-response\"><p role=\"status\" aria-live=\"polite\" aria-atomic=\"true\"><\/p> <ul><\/ul><\/div>\n<form action=\"\/es\/wp-json\/wp\/v2\/pages\/13643#wpcf7-f12000-o1\" method=\"post\" class=\"wpcf7-form init\" novalidate=\"novalidate\" data-status=\"init\" data-trp-original-action=\"\/es\/wp-json\/wp\/v2\/pages\/13643#wpcf7-f12000-o1\">\n<div style=\"display: none;\">\n<input type=\"hidden\" name=\"_wpcf7\" value=\"12000\" \/>\n<input type=\"hidden\" name=\"_wpcf7_version\" value=\"5.5.6\" \/>\n<input type=\"hidden\" name=\"_wpcf7_locale\" value=\"en_US\" \/>\n<input type=\"hidden\" name=\"_wpcf7_unit_tag\" value=\"wpcf7-f12000-o1\" \/>\n<input type=\"hidden\" name=\"_wpcf7_container_post\" value=\"0\" \/>\n<input type=\"hidden\" name=\"_wpcf7_posted_data_hash\" value=\"\" \/>\n<\/div>\n<div class=\"row\">\n<div class=\"col-lg-6 col-md-12 col-xs-12\">\n<span class=\"wpcf7-form-control-wrap field-name\"><input type=\"text\" name=\"field-name\" value=\"\" size=\"40\" class=\"wpcf7-form-control wpcf7-text wpcf7-validates-as-required\" aria-required=\"true\" aria-invalid=\"false\" placeholder=\"Su nombre\" \/><\/span>\n  <\/div>\n<div class=\"col-lg-6 col-md-12 col-xs-12\">\n<span class=\"wpcf7-form-control-wrap field-email\"><input type=\"text\" name=\"field-email\" value=\"\" size=\"40\" class=\"wpcf7-form-control wpcf7-text wpcf7-validates-as-required\" aria-required=\"true\" aria-invalid=\"false\" placeholder=\"Tu correo electr\u00f3nico\" \/><\/span>\n  <\/div>\n<div class=\"col-lg-12 col-md-12 col-xs-12\">\n<span class=\"wpcf7-form-control-wrap field-message\"><textarea name=\"field-message\" cols=\"40\" rows=\"10\" class=\"wpcf7-form-control wpcf7-textarea\" aria-invalid=\"false\" placeholder=\"Mensaje\"><\/textarea><\/span>\n  <\/div>\n<\/div>\n<p><input type=\"submit\" value=\"Entregar\" class=\"wpcf7-form-control has-spinner wpcf7-submit\" \/><\/p>\n<div class=\"wpcf7-response-output\" aria-hidden=\"true\"><\/div><input type=\"hidden\" name=\"trp-form-language\" value=\"es\"\/><\/form><\/div><\/div>\t\t<\/div>\n\t\t\t\t<\/div>\n\t\t\t\t<div class=\"elementor-element elementor-element-5cd1e2a elementor-widget elementor-widget-spacer\" data-id=\"5cd1e2a\" data-element_type=\"widget\" data-widget_type=\"spacer.default\">\n\t\t\t\t<div class=\"elementor-widget-container\">\n\t\t\t\t\t<div class=\"elementor-spacer\">\n\t\t\t<div class=\"elementor-spacer-inner\"><\/div>\n\t\t<\/div>\n\t\t\t\t<\/div>\n\t\t\t\t<\/div>\n\t\t\t\t\t\t<\/div>\n\t\t\t\t\t<\/div>\n\t\t<\/div>\n\t\t\t\t\t\t\t\t<\/div>\n\t\t\t\t\t<\/div>\n\t\t<\/section>\n\t\t\t\t\t\t<\/div>\n\t\t\t\t\t<\/div>\n\t\t<\/div>\n\t\t\t\t\t\t\t\t<\/div>\n\t\t\t\t\t<\/div>\n\t\t<\/section>\n\t\t\t\t<section class=\"elementor-section elementor-top-section elementor-element elementor-element-75c6ff2 elementor-section-boxed elementor-section-height-default elementor-section-height-default\" data-id=\"75c6ff2\" data-element_type=\"section\">\n\t\t\t\t\t\t<div class=\"elementor-container elementor-column-gap-default\">\n\t\t\t\t\t\t\t<div class=\"elementor-row\">\n\t\t\t\t\t<div class=\"elementor-column elementor-col-100 elementor-top-column elementor-element elementor-element-822832d\" data-id=\"822832d\" data-element_type=\"column\">\n\t\t\t<div class=\"elementor-column-wrap elementor-element-populated\">\n\t\t\t\t\t\t\t<div class=\"elementor-widget-wrap\">\n\t\t\t\t\t\t<div class=\"elementor-element elementor-element-72c79a0 elementor-widget elementor-widget-spacer\" data-id=\"72c79a0\" data-element_type=\"widget\" data-widget_type=\"spacer.default\">\n\t\t\t\t<div class=\"elementor-widget-container\">\n\t\t\t\t\t<div class=\"elementor-spacer\">\n\t\t\t<div class=\"elementor-spacer-inner\"><\/div>\n\t\t<\/div>\n\t\t\t\t<\/div>\n\t\t\t\t<\/div>\n\t\t\t\t<div class=\"elementor-element elementor-element-3b267f7 lte-heading-style-header-subheader elementor-widget elementor-widget-lte-header\" data-id=\"3b267f7\" data-element_type=\"widget\" data-widget_type=\"lte-header.default\">\n\t\t\t\t<div class=\"elementor-widget-container\">\n\t\t\t<div class=\"lte-heading lte-style-header-subheader lte-subcolor-main has-subheader heading-tag-h3 heading-subtag-h6\"><div class=\"lte-heading-content\"><h6 class=\"lte-subheader\">Testimonios<\/h6><h3 class=\"lte-header\">Lo que dicen nuestros clientes<\/h3><\/div><\/div>\t\t<\/div>\n\t\t\t\t<\/div>\n\t\t\t\t<div class=\"elementor-element elementor-element-3794a99 elementor-widget elementor-widget-spacer\" data-id=\"3794a99\" data-element_type=\"widget\" data-widget_type=\"spacer.default\">\n\t\t\t\t<div class=\"elementor-widget-container\">\n\t\t\t\t\t<div class=\"elementor-spacer\">\n\t\t\t<div class=\"elementor-spacer-inner\"><\/div>\n\t\t<\/div>\n\t\t\t\t<\/div>\n\t\t\t\t<\/div>\n\t\t\t\t\t\t<\/div>\n\t\t\t\t\t<\/div>\n\t\t<\/div>\n\t\t\t\t\t\t\t\t<\/div>\n\t\t\t\t\t<\/div>\n\t\t<\/section>\n\t\t\t\t\t\t<\/div>\n\t\t\t\t\t\t<\/div>\n\t\t\t\t\t<\/div>","protected":false},"excerpt":{"rendered":"<p>Partners Top Clients Reviews Maecenas ultricies felis sit amet libero scelerisque, ut eleifend leo mattis. Aliquam porta facilisis metus. Pellentesque habitant morbi tristique senectus et netus et malesuada fames ac turpis egestas. Aliquam id nisi id enim molestie varius. Aenean sed posuere lorem, Mauris vulputate eget arcu ut posuere.. Stefanie Rashford Nullam orci dui, dictum [&hellip;]<\/p>","protected":false},"author":1,"featured_media":0,"parent":0,"menu_order":0,"comment_status":"closed","ping_status":"closed","template":"page-templates\/testimonials.php","meta":{"footnotes":""},"class_list":["post-13643","page","type-page","status-publish","hentry","has-post-thumbnail"],"_links":{"self":[{"href":"https:\/\/saigonweed.com\/es\/wp-json\/wp\/v2\/pages\/13643","targetHints":{"allow":["GET"]}}],"collection":[{"href":"https:\/\/saigonweed.com\/es\/wp-json\/wp\/v2\/pages"}],"about":[{"href":"https:\/\/saigonweed.com\/es\/wp-json\/wp\/v2\/types\/page"}],"author":[{"embeddable":true,"href":"https:\/\/saigonweed.com\/es\/wp-json\/wp\/v2\/users\/1"}],"replies":[{"embeddable":true,"href":"https:\/\/saigonweed.com\/es\/wp-json\/wp\/v2\/comments?post=13643"}],"version-history":[{"count":0,"href":"https:\/\/saigonweed.com\/es\/wp-json\/wp\/v2\/pages\/13643\/revisions"}],"wp:attachment":[{"href":"https:\/\/saigonweed.com\/es\/wp-json\/wp\/v2\/media?parent=13643"}],"curies":[{"name":"wp","href":"https:\/\/api.w.org\/{rel}","templated":true}]}}